{"id":2259,"date":"2020-11-28T13:23:23","date_gmt":"2020-11-28T20:23:23","guid":{"rendered":"https:\/\/ecoinfo.nau.edu\/?page_id=2259"},"modified":"2020-11-29T14:25:05","modified_gmt":"2020-11-29T21:25:05","slug":"ecoinformatics-and","status":"publish","type":"page","link":"https:\/\/ecoinfo.nau.edu\/index.php\/ecoinformatics-and\/","title":{"rendered":"Ecoinformatics at AGU 2020"},"content":{"rendered":"<p><img decoding=\"async\" class=\"size-full wp-image-2260 aligncenter\" src=\"https:\/\/ecoinfo.nau.edu\/wp-content\/uploads\/2020\/11\/AGU_FallMeeting_Updated_370x102.png\" alt=\"AGU 2020 Fall Meeting Logo\" width=\"370\" height=\"102\" \/><\/p>\n<p>Ecoinformatics graduate students, postdocs, and faculty will be presenting their research at AGU&#8217;s 2020 virtual Fall Meeting See below for a list of talks and posters on each day of the meeting. Come learn more about our research! (Ecoinformatics authors&#8217; names are shown in <strong>bold<\/strong>).<\/p>\n<input type='hidden' bg_collapse_expand='69f377dd831a90094689399' value='69f377dd831a90094689399'><input type='hidden' id='bg-show-more-text-69f377dd831a90094689399' value='Monday, 7 December 2020'><input type='hidden' id='bg-show-less-text-69f377dd831a90094689399' value='Monday, 7 December 2020'><button id='bg-showmore-action-69f377dd831a90094689399' class='bg-showmore-plg-button bg-blue-button bg-arrow '   style=\" color:#ffffff;\">Monday, 7 December 2020<\/button><div id='bg-showmore-hidden-69f377dd831a90094689399' ><span style=\"font-size: 1rem\">\u00a0<\/span><\/p>\n<table style=\"height: 500px\" width=\"579\">\n<tbody>\n<tr>\n<td width=\"156\"><strong>Presentation Number<\/strong><\/td>\n<td width=\"468\"><strong>Title &amp; Author Information<\/strong><\/td>\n<\/tr>\n<tr>\n<td width=\"156\">B002-0012<\/td>\n<td width=\"468\"><em>UAV thermal image detects genetic trait differences among populations and genotypes of Fremont cottonwood (Populus fremontii, Salicaceae) <\/em><\/p>\n<p><strong>Temuulen Sankey<\/strong>, Kevin Hultine, Davis Blasini, Dan Koepke, Nathaniel Bransky, Kevin Grady, Hillary Cooper, Catherine Gehring, and Gerard Allan<\/td>\n<\/tr>\n<\/tbody>\n<\/table>\n<p><\/div>\n<p>&nbsp;<\/p>\n<p><span style=\"font-size: 1rem;\"><input type='hidden' bg_collapse_expand='69f377dd8342e9099037232' value='69f377dd8342e9099037232'><input type='hidden' id='bg-show-more-text-69f377dd8342e9099037232' value='Tuesday, 8 December 2020'><input type='hidden' id='bg-show-less-text-69f377dd8342e9099037232' value='Tuesday, 8 December 2020'><button id='bg-showmore-action-69f377dd8342e9099037232' class='bg-showmore-plg-button bg-blue-button bg-arrow '   style=\" color:#ffffff;\">Tuesday, 8 December 2020<\/button><div id='bg-showmore-hidden-69f377dd8342e9099037232' ><\/span><\/p>\n<table style=\"height: 500px\" width=\"579\">\n<tbody>\n<tr>\n<td width=\"156\"><strong>Presentation Number<\/strong><\/td>\n<td width=\"468\"><strong>Title &amp; Author Information<\/strong><\/td>\n<\/tr>\n<tr>\n<td width=\"156\">B029 (session)<\/td>\n<td width=\"468\"><em>NASA\u2019s Global Ecosystem Dynamics Investigation (GEDI) Mission: Instrument performance, data product validation and applications<\/em><\/p>\n<p>John David Armston, James Bryan Blair, <strong>Scott J Goetz<\/strong> (session chairs)<\/td>\n<\/tr>\n<tr>\n<td width=\"156\">B029-10<\/td>\n<td width=\"468\"><em>Exploring the potential of GEDI fusion with multi-sensor imagery for mapping the canopy height of diverse tropical forests of Colombia<\/em><\/p>\n<p><span data-sheets-value=\"{&quot;1&quot;:2,&quot;2&quot;:&quot;J. Camilo Fagua , Patrick Jantz , Patrick Burns and Scott J Goetz &quot;}\" data-sheets-userformat=\"{&quot;2&quot;:513,&quot;3&quot;:{&quot;1&quot;:0},&quot;12&quot;:0}\"><strong>J. Camilo Fagua<\/strong>, <strong>Patrick Jantz<\/strong>, <strong>Patrick Burns<\/strong>, and <strong>Scott J Goetz <\/strong><\/span><\/td>\n<\/tr>\n<\/tbody>\n<\/table>\n<p><\/div><\/p>\n<p><span style=\"font-size: 1rem;\"><input type='hidden' bg_collapse_expand='69f377dd837257079409831' value='69f377dd837257079409831'><input type='hidden' id='bg-show-more-text-69f377dd837257079409831' value='Wednesday, 9 December 2020'><input type='hidden' id='bg-show-less-text-69f377dd837257079409831' value='Wednesday, 9 December 2020'><button id='bg-showmore-action-69f377dd837257079409831' class='bg-showmore-plg-button bg-blue-button bg-arrow '   style=\" color:#ffffff;\">Wednesday, 9 December 2020<\/button><div id='bg-showmore-hidden-69f377dd837257079409831' ><\/span><\/p>\n<table style=\"height: 500px\" width=\"579\">\n<tbody>\n<tr>\n<td width=\"156\"><strong>Presentation Number<\/strong><\/td>\n<td width=\"468\"><strong>Title &amp; Author Information<\/strong><\/td>\n<\/tr>\n<tr>\n<td width=\"156\">A081-03<\/td>\n<td width=\"468\">Covid19\u2019s disparate impact on transportation and emissions<\/p>\n<p><strong>Pawlok Dass<\/strong>, <strong>Kevin Gurney<\/strong>, <strong>Bhaskar Mitra<\/strong>, <strong>Yang Song<\/strong>, <strong>Geoffrey Roest<\/strong>, Taha Moiz<\/td>\n<\/tr>\n<\/tbody>\n<\/table>\n<p><\/div><\/p>\n<p><span style=\"font-size: 1rem;\"><input type='hidden' bg_collapse_expand='69f377dd8392a5075139618' value='69f377dd8392a5075139618'><input type='hidden' id='bg-show-more-text-69f377dd8392a5075139618' value='Friday, 11 December 2020'><input type='hidden' id='bg-show-less-text-69f377dd8392a5075139618' value='Friday, 11 December 2020'><button id='bg-showmore-action-69f377dd8392a5075139618' class='bg-showmore-plg-button bg-blue-button bg-arrow '   style=\" color:#ffffff;\">Friday, 11 December 2020<\/button><div id='bg-showmore-hidden-69f377dd8392a5075139618' ><\/span><\/p>\n<table style=\"height: 500px\" width=\"579\">\n<tbody>\n<tr>\n<td width=\"156\"><strong>Presentation Number<\/strong><\/td>\n<td width=\"468\"><strong>Title &amp; Author Information<\/strong><\/td>\n<\/tr>\n<tr>\n<td width=\"156\">B061-0014<\/td>\n<td width=\"468\">Mapping Vegetation Structure Gradients in Colombia With Spaceborne Lidar<\/p>\n<p><b>Patrick Jantz<\/b>,\u00a0<strong>Jos\u00e9<\/strong> <strong>Fagua<\/strong>, Suzanne Rodr\u00edguez-Buritic\u00e1, Maria Cecilia Londo\u00f1o,\u00a0<strong>Patrick Burns<\/strong>,\u00a0<strong>Scott J. Goetz<\/strong><\/td>\n<\/tr>\n<tr>\n<td width=\"156\">B071-02<\/td>\n<td width=\"468\">Scale Dependence in the Relationship between Forest Structural Diversity and Vascular Plant Diversity across Ecoclimatic Gradients<\/p>\n<p><b>Chris Hakkenberg<\/b> and\u00a0<strong>Scott J. Goetz<\/strong><\/td>\n<\/tr>\n<tr>\n<td width=\"156\">B072-02<\/td>\n<td width=\"468\">A policy-driven framework for conserving the best of Earth\u2019s remaining moist tropical forests<\/p>\n<p>Andrew Hansen, <strong>Patrick Burns<\/strong>,\u00a0J. Ervin, O. Venter, <strong>Scott J. Goetz<\/strong>, J. Watson, M. Hansen, <strong>Patrick Jantz<\/strong>, A. Virnig, C. Supples, K. Barnett, R. Pillay, S. Atkinson, Suzanne Rodr\u00edguez-Buritic\u00e1, D. Armenteras<\/td>\n<\/tr>\n<tr>\n<td width=\"156\">H128-06<\/td>\n<td width=\"468\">Across Semiarid Ecosystems, Evapotranspiration Responds to Environmental Drivers Over Longer Timescales When Conditions are Dry<\/p>\n<p><strong>Kimberly Samuels-Crow<\/strong>, <strong>Kiona Ogle<\/strong>, <strong>Emma Reich<\/strong>, Marcy Litvak<\/td>\n<\/tr>\n<\/tbody>\n<\/table>\n<p><\/div><\/p>\n<p><span style=\"font-size: 1rem;\"><input type='hidden' bg_collapse_expand='69f377dd83df92013908565' value='69f377dd83df92013908565'><input type='hidden' id='bg-show-more-text-69f377dd83df92013908565' value='Monday, 14 December 2020'><input type='hidden' id='bg-show-less-text-69f377dd83df92013908565' value='Monday, 14 December 2020'><button id='bg-showmore-action-69f377dd83df92013908565' class='bg-showmore-plg-button bg-blue-button bg-arrow '   style=\" color:#ffffff;\">Monday, 14 December 2020<\/button><div id='bg-showmore-hidden-69f377dd83df92013908565' ><\/span><\/p>\n<table style=\"height: 500px\" width=\"579\">\n<tbody>\n<tr>\n<td width=\"156\"><strong>Presentation Number<\/strong><\/td>\n<td width=\"468\"><strong>Title &amp; Author Information<\/strong><\/td>\n<\/tr>\n<tr>\n<td width=\"156\">B080-0005<\/td>\n<td width=\"468\">Performance of Carbon Flux Models Across the ABoVE Domain Using Eddy Covariance Measurements<\/p>\n<p><strong>Jeralyn Poe<\/strong>, Elizabeth Hoy, <strong>Deborah Huntzinger<\/strong>, Luke Schiferl, Roisin Commane, Eugenie Euskirchen, Erik Larson, Nima Madani, Nick Parazoo, Oliver Sonnentag, Jonathan A. Wang, Jennifer Watts, Brad Weir, Donatella Zona, Abhishek Chatterjee<\/td>\n<\/tr>\n<tr>\n<td width=\"156\">B080-0013<\/td>\n<td width=\"468\">Pre-fire deciduous tree species drive forest regeneration after wildfire in interior Alaska<\/p>\n<p>Kyoko Okano, Xanthe Walker, <strong>Richard Massey<\/strong>, <strong>Scott J. Goetz<\/strong>, Michelle C Mack<\/td>\n<\/tr>\n<tr>\n<td width=\"156\">B089-08<\/td>\n<td width=\"468\">Quantifying whole tree non-structural carbon dynamics under long-term experimental drought using radiocarbon<\/p>\n<p><strong>Drew MP Peltier<\/strong>, Mariah Carbone, Chris Ebert, Xiaomei Xu, <strong>Andrew Richardson<\/strong>, Cameron D. McIntire, R. Alex Thompson, Will Pockman, Nate G. McDowell, Henry D. Adams, Amy Trowbridge<\/td>\n<\/tr>\n<\/tbody>\n<\/table>\n<p><\/div><\/p>\n<p><span style=\"font-size: 1rem;\"><input type='hidden' bg_collapse_expand='69f377dd840fe2087598056' value='69f377dd840fe2087598056'><input type='hidden' id='bg-show-more-text-69f377dd840fe2087598056' value='Tuesday, 15 December 2020'><input type='hidden' id='bg-show-less-text-69f377dd840fe2087598056' value='Tuesday, 15 December 2020'><button id='bg-showmore-action-69f377dd840fe2087598056' class='bg-showmore-plg-button bg-blue-button bg-arrow '   style=\" color:#ffffff;\">Tuesday, 15 December 2020<\/button><div id='bg-showmore-hidden-69f377dd840fe2087598056' ><\/span><\/p>\n<table style=\"height: 500px\" width=\"579\">\n<tbody>\n<tr>\n<td width=\"156\"><strong>Presentation Number<\/strong><\/td>\n<td width=\"468\"><strong>Title &amp; Author Information<\/strong><\/td>\n<\/tr>\n<tr>\n<td width=\"156\">B102-12<\/td>\n<td width=\"468\">The predictability of near-term changes in forest biomass: a case study in boreal North America<\/p>\n<p>Arden Llewellyn Burrell, <strong>Scott J Goetz<\/strong>, Sol Cooperdock, <strong>Richard Massey<\/strong>, Xanthe J Walker, Michelle C Mack, Robbie A Hember, <strong>Logan T. Berner<\/strong>, <strong>Adrianna Foster<\/strong>, Stefano Potter and Brendan M Rogers<\/td>\n<\/tr>\n<tr>\n<td width=\"156\">B106-09<\/td>\n<td width=\"468\">Using Vegetation Greenness to Predict Seasonal Variation in Evaporative Fraction at AmeriFlux Sites<\/p>\n<p><strong>Adam Young<\/strong>, Mark Friedl\u200b, Steve Frolking, Toby Ault\u200b, Carlos Carrillo, <strong>Eric Beamesderfer\u200b\u200b<\/strong>, Xiaolu Li\u200b, Thomas Milliman\u200b, Minkyu Moon, <strong>Bijan Seyednasrollah<\/strong>\u200b\u200b, and <strong>Andrew D. Richardson<\/strong><\/td>\n<\/tr>\n<tr>\n<td width=\"156\">B106-10<\/td>\n<td width=\"468\">Understanding the role of energy fluxes in shaping the seasonal patterns of ABL heights and cloud dynamics for select AmeriFlux sites across the United States<\/p>\n<p><strong>Eric Beamesderfer<\/strong>, Manuel Helbig, Nathaniel Brunsell, and <strong>Andrew Richardson<\/strong><\/td>\n<\/tr>\n<\/tbody>\n<\/table>\n<p><\/div><\/p>\n<p><span style=\"font-size: 1rem;\"><input type='hidden' bg_collapse_expand='69f377dd844103005718167' value='69f377dd844103005718167'><input type='hidden' id='bg-show-more-text-69f377dd844103005718167' value='Wednesday, 16 December 2020'><input type='hidden' id='bg-show-less-text-69f377dd844103005718167' value='Wednesday, 16 December 2020'><button id='bg-showmore-action-69f377dd844103005718167' class='bg-showmore-plg-button bg-blue-button bg-arrow '   style=\" color:#ffffff;\">Wednesday, 16 December 2020<\/button><div id='bg-showmore-hidden-69f377dd844103005718167' ><\/span><\/p>\n<table style=\"height: 500px\" width=\"579\">\n<tbody>\n<tr>\n<td width=\"156\"><strong>Presentation Number<\/strong><\/td>\n<td width=\"468\"><strong>Title &amp; Author Information<\/strong><\/td>\n<\/tr>\n<tr>\n<td width=\"156\">GC130-06<\/td>\n<td width=\"468\">Informing urban climate planning with high resolution data: the Hestia fossil fuel CO<sub>2<\/sub> emissions for Baltimore, Maryland<\/p>\n<p><strong>Geoffrey Roest<\/strong>, <strong>Kevin Gurney<\/strong>, Scot Miller, Jianming Liang<\/td>\n<\/tr>\n<\/tbody>\n<\/table>\n<p><\/div><\/p>\n","protected":false},"excerpt":{"rendered":"<p>Ecoinformatics graduate students, postdocs, and faculty will be presenting their research at AGU&#8217;s 2020 virtual Fall Meeting See below for a list of talks and posters on each day of the meeting. Come learn more about our research! (Ecoinformatics authors&#8217; names are shown in bold). &nbsp;<\/p>\n","protected":false},"author":1,"featured_media":0,"parent":0,"menu_order":0,"comment_status":"closed","ping_status":"closed","template":"","meta":{"_monsterinsights_skip_tracking":false,"_monsterinsights_sitenote_active":false,"_monsterinsights_sitenote_note":"","_monsterinsights_sitenote_category":0,"footnotes":""},"class_list":["post-2259","page","type-page","status-publish","hentry"],"featured_image_urls_v2":{"full":"","thumbnail":"","medium":"","medium_large":"","large":"","news_plugin_small":"","team-500px":"","1536x1536":"","2048x2048":"","twentyseventeen-featured-image":"","twentyseventeen-thumbnail-avatar":"","photoswipe_thumbnails":"","photoswipe_full":"","sow-carousel-default":""},"post_excerpt_stackable_v2":"<p>Ecoinformatics graduate students, postdocs, and faculty will be presenting their research at AGU&#8217;s 2020 virtual Fall Meeting See below for a list of talks and posters on each day of the meeting. Come learn more about our research! (Ecoinformatics authors&#8217; names are shown in bold). Monday, 7 December 2020\u00a0 Presentation Number Title &amp; Author Information B002-0012 UAV thermal image detects genetic trait differences among populations and genotypes of Fremont cottonwood (Populus fremontii, Salicaceae) Temuulen Sankey, Kevin Hultine, Davis Blasini, Dan Koepke, Nathaniel Bransky, Kevin Grady, Hillary Cooper, Catherine Gehring, and Gerard Allan &nbsp; Tuesday, 8 December 2020 Presentation Number Title&hellip;<\/p>\n","category_list_v2":"","author_info_v2":{"name":"siccs-ecoinfo","url":"https:\/\/ecoinfo.nau.edu\/index.php\/author\/siccs-ecoinfo\/"},"comments_num_v2":"0 comments","_links":{"self":[{"href":"https:\/\/ecoinfo.nau.edu\/index.php\/wp-json\/wp\/v2\/pages\/2259","targetHints":{"allow":["GET"]}}],"collection":[{"href":"https:\/\/ecoinfo.nau.edu\/index.php\/wp-json\/wp\/v2\/pages"}],"about":[{"href":"https:\/\/ecoinfo.nau.edu\/index.php\/wp-json\/wp\/v2\/types\/page"}],"author":[{"embeddable":true,"href":"https:\/\/ecoinfo.nau.edu\/index.php\/wp-json\/wp\/v2\/users\/1"}],"replies":[{"embeddable":true,"href":"https:\/\/ecoinfo.nau.edu\/index.php\/wp-json\/wp\/v2\/comments?post=2259"}],"version-history":[{"count":8,"href":"https:\/\/ecoinfo.nau.edu\/index.php\/wp-json\/wp\/v2\/pages\/2259\/revisions"}],"predecessor-version":[{"id":2270,"href":"https:\/\/ecoinfo.nau.edu\/index.php\/wp-json\/wp\/v2\/pages\/2259\/revisions\/2270"}],"wp:attachment":[{"href":"https:\/\/ecoinfo.nau.edu\/index.php\/wp-json\/wp\/v2\/media?parent=2259"}],"curies":[{"name":"wp","href":"https:\/\/api.w.org\/{rel}","templated":true}]}}